{"id":1249,"date":"2019-01-15T10:22:52","date_gmt":"2019-01-15T09:22:52","guid":{"rendered":"https:\/\/ristorantemargheritabcn.com\/?page_id=1249"},"modified":"2019-05-20T14:47:53","modified_gmt":"2019-05-20T12:47:53","slug":"coneix-nos","status":"publish","type":"page","link":"https:\/\/ristorantemargheritabcn.com\/ca\/coneix-nos\/","title":{"rendered":"Coneix-nos"},"content":{"rendered":"<div class=\"wpb-content-wrapper\"><p>[vc_row][vc_column][vc_column_text]<\/p>\n<h2 style=\"text-align: center;\"><span style=\"color: #ea2534; font-size: 30px;\"><strong>Productes Italians de M\u00e0xima qualitat<br \/>\n<\/strong><\/span><\/h2>\n<p>[\/vc_column_text][vc_single_image image=&#8221;1163&#8243; img_size=&#8221;full&#8221;][vc_column_text]<span style=\"color: #000000; font-size: 20px;\">Per aconseguir plats aut\u00e8nticament italians, cal treballar amb <strong>ingredients aut\u00e8ntics i originals d&#8217;It\u00e0lia<\/strong>. Per realitzar una cuina d&#8217;alt nivell, \u00e9s indispensable treballar amb <strong>productes de la m\u00e0xima qualitat<\/strong>. <\/span><\/p>\n<p><span style=\"color: #000000; font-size: 20px;\">Per aix\u00f2 tant acudim al mercat di\u00e0riament a la recerca del millor producte fresc, de la mar i de la terra, escollim amb deteniment les peces m\u00e9s saboroses i tendres de les millors caps de bestiar, els peixos i mariscs m\u00e9s frescos, i les fruites i verdures de major qualitat.<\/span><\/p>\n<p><span style=\"color: #000000; font-size: 20px;\"> Tamb\u00e9 comptem amb la nostra xarxa de <strong>prove\u00efdors i importadors de m\u00e0xima confian\u00e7a<\/strong> i garantia, que entre altres coses ens permeten cuinar amb productes aut\u00e8nticament italians.<\/span>[\/vc_column_text][vc_column_text]<\/p>\n<h2 style=\"text-align: center;\"><span style=\"color: #ea2534;\"><strong><span style=\"font-size: 30px;\">El nostre local<\/span><br \/>\n<\/strong><\/span><\/h2>\n<p>[\/vc_column_text][vc_single_image image=&#8221;1473&#8243; img_size=&#8221;full&#8221; label=&#8221;&#8221;][vc_column_text]<span lang=\"ca\" style=\"font-size: 20px; color: #000000;\">Un<strong> local amb personalitat, amb una decoraci\u00f3 molt original, moderna i elegant, que crea un ambient evocador del car\u00e0cter i manera de vida itali\u00e0<\/strong>, i que juntament amb els aromes, les textures i els sabors dels nostres plats transporta mentalment a It\u00e0lia mentre es gaudeix d&#8217;un bon sopar o dinar, a la millor companyia. <\/span><\/p>\n<p><span lang=\"ca\" style=\"font-size: 20px; color: #000000;\">Tot est\u00e0 pensat perqu\u00e8 l&#8217;experi\u00e8ncia de dinar o sopar a Margherita, sigui quelcom aut\u00e8ntic i diferent, una experi\u00e8ncia d&#8217;alta gastronomia italiana, en el millor ambient, i en una de les millors ubicacions del Barcelona. <\/span><\/p>\n<p><span lang=\"ca\" style=\"font-size: 20px; color: #000000;\">La decoraci\u00f3 del local, el mobiliari, la vaixella, la il\u00b7luminaci\u00f3, els uniformes del nostre personal de sala, &#8230; tot est\u00e0 dissenyat i elegit amb afecte i per crear un ambient genu\u00ed que ajudi a transmetre la nostra idea de la gastronomia italiana, i sorprengui i agradi a la nostra clientela.Un local amb personalitat, amb una decoraci\u00f3 molt original, moderna i elegant, que crea un ambient evocador del car\u00e0cter i manera de vida itali\u00e0, i que juntament amb els aromes, les textures i els sabors dels nostres plats transporta mentalment a It\u00e0lia mentre es gaudeix d&#8217;un bon sopar o dinar, a la millor companyia. Tot est\u00e0 pensat perqu\u00e8 l&#8217;experi\u00e8ncia de dinar o sopar a Margherita, sigui quelcom aut\u00e8ntic i diferent, una experi\u00e8ncia d&#8217;alta gastronomia italiana, en el millor ambient, i en una de les millors ubicacions del Barcelona. La decoraci\u00f3 del local, el mobiliari, la vaixella, la il\u00b7luminaci\u00f3, els uniformes del nostre personal de sala, &#8230; tot est\u00e0 dissenyat i elegit amb afecte i per crear un ambient genu\u00ed que ajudi a transmetre la nostra idea de la gastronomia italiana, i sorprengui i agradi a la nostra clientela.<\/span>[\/vc_column_text][vc_single_image image=&#8221;1207&#8243; img_size=&#8221;full&#8221;][vc_column_text]<\/p>\n<h2 style=\"text-align: center;\"><span style=\"color: #ea2534;\"><strong><span style=\"font-size: 30px;\">Missi\u00f3<\/span><br \/>\n<\/strong><\/span><\/h2>\n<p>[\/vc_column_text][vc_column_text]<span style=\"color: #000000; font-size: 20px;\">Margherita \u00e9s un restaurant que ofereix una versi\u00f3 <strong>d&#8217;Alta Cuina de la Gastronomia italiana<\/strong>. Oferim a la nostra carta les millors receptes de la cuina italiana tradicional, apropant-les a l&#8217;excel\u00b7l\u00e8ncia, a trav\u00e9s d&#8217;un rigor\u00f3s respecte als temps, els ingredients aut\u00e8ntics i l&#8217;elaboraci\u00f3 tradicional, i les dotem de personalitat pr\u00f2pia a trav\u00e9s d&#8217;unes presentacions i emplatats molt cures, ia trav\u00e9s de nous matisos que introdu\u00efm en els plats per agradar, sorprendre i ser diferents a altres restaurants de cuina italiana.<br \/>\n<\/span>[\/vc_column_text][vc_column_text]<\/p>\n<h2 style=\"text-align: center;\"><span style=\"color: #ea2534;\"><strong><span style=\"font-size: 30px;\">Visi\u00f3<\/span><br \/>\n<\/strong><\/span><\/h2>\n<p>[\/vc_column_text][vc_single_image image=&#8221;1208&#8243; img_size=&#8221;full&#8221;][vc_column_text]<\/p>\n<p id=\"tw-target-text\" class=\"tw-data-text tw-ta tw-text-small\" dir=\"ltr\" data-placeholder=\"Traducci\u00f3n\"><span lang=\"ca\" style=\"font-size: 20px; color: #000000;\">Ser un restaurant de visita obligada per als amants de les <strong>la Gastronomia Italiana i de les Pizzes Aut\u00e8ntiques<\/strong> visitar Barcelona i consolidar-nos com el Restaurant de refer\u00e8ncia en Cuina Italiana eix de Passeig de Gr\u00e0cia.<\/span><\/p>\n<p class=\"tw-data-text tw-ta tw-text-small\" dir=\"ltr\" data-placeholder=\"Traducci\u00f3n\"><span lang=\"ca\" style=\"font-size: 20px; color: #000000;\"><strong>Margherita Ristorante<\/strong> ha de ser un restaurant cosmopolita, on es barregin clients aut\u00f2ctons amb visitants de la ciutat de tot arreu de m\u00f3n, que acudeixin expressament al nostre local per degustar els nostres plats, i gaudir d&#8217;un ambient molt especial.<\/span><\/p>\n<p>[\/vc_column_text][vc_column_text]<\/p>\n<h2 style=\"text-align: center;\"><span style=\"color: #ea2534;\"><strong><span style=\"font-size: 30px;\">Valors<\/span><br \/>\n<\/strong><\/span><\/h2>\n<p>[\/vc_column_text][vc_single_image image=&#8221;1209&#8243; img_size=&#8221;full&#8221;][vc_column_text]<\/p>\n<div id=\"tw-target-text-container\" class=\"gsrt tw-ta-container tw-nfl\">\n<p id=\"tw-target-text\" class=\"tw-data-text tw-ta tw-text-small\" dir=\"ltr\" data-placeholder=\"Traducci\u00f3n\"><span lang=\"ca\" style=\"font-size: 20px; color: #000000;\"><strong>Creativitat i Tradici\u00f3:<\/strong> Respectem profundament l&#8217;her\u00e8ncia cultural que suposen les receptes tradicionals italianes, i partint del seu coneixement, fem servir amb criteri tota la nostra creativitat per realitzar nous plats i tapes, o crear noves versions amb el nostre toc d&#8217;alta cuina. <\/span><\/p>\n<p class=\"tw-data-text tw-ta tw-text-small\" dir=\"ltr\" data-placeholder=\"Traducci\u00f3n\"><span lang=\"ca\" style=\"font-size: 20px; color: #000000;\"><strong>Professionalitat i Passi\u00f3:<\/strong> Nom\u00e9s comptem amb professionals compromesos i que gaudeixen fent b\u00e9 la seva feina. Estar sempre disposat a donar el millor d&#8217;un mateix, \u00e9s un requisit indispensable per aconseguir que l&#8217;experi\u00e8ncia dels nostres clients en menjar o sopar a Margherita, sigui una cosa \u00fanica i molt agradable. <\/span><\/p>\n<p class=\"tw-data-text tw-ta tw-text-small\" dir=\"ltr\" data-placeholder=\"Traducci\u00f3n\"><span lang=\"ca\" style=\"font-size: 20px; color: #000000;\"><strong>Amabilitat i Cortesia:<\/strong> Exigim un tracte c\u00e0lid i educat i professional cap als nostres clients. Estem sempre pendents de la seva comoditat i ens anticipem al que puguin necessitar. Tamb\u00e9 exigim aquest mateix tracte entre els membres de l&#8217;equip, i cap als nostres prove\u00efdors. Creiem que aconseguir un ambient agradable dins, es transmet cap a fora.<\/span><\/p>\n<p class=\"tw-data-text tw-ta tw-text-small\" dir=\"ltr\" data-placeholder=\"Traducci\u00f3n\"><span lang=\"ca\" style=\"font-size: 20px; color: #000000;\"><strong>Humilitat i Agra\u00efment:<\/strong> Sabem que no som perfectes. I saber-ho \u00e9s la for\u00e7a que ens va ha fer millorar dia a dia. Perqu\u00e8 tenim humilitat per recon\u00e8ixer que sempre es pot millorar, i tenim voluntat i ambici\u00f3 per aconseguir-ho. Tamb\u00e9 sabem que el nostre treball ni t\u00e9 sentit sense els nostres client, i agra\u00efm profundament sempre a cada client que entra al nostre restaurant, la confian\u00e7a que diposita en nosaltres.<\/span><\/p>\n<p class=\"tw-data-text tw-ta tw-text-small\" dir=\"ltr\" data-placeholder=\"Traducci\u00f3n\"><span lang=\"ca\" style=\"font-size: 20px; color: #000000;\"><strong>Treball en Equip:<\/strong> Creiem en la formaci\u00f3, la companyonia, a compartir l&#8217;experi\u00e8ncia amb els m\u00e9s joves o novells, en la comunicaci\u00f3, la bona organitzaci\u00f3 i en el comprom\u00eds amb l&#8217;objectiu com\u00fa d&#8217;agradar, sorprendre i en definitiva fer feli\u00e7os als nostres clients .<\/span><\/p>\n<p class=\"tw-data-text tw-ta tw-text-small\" lang=\"ca\">\n<\/div>\n<p>[\/vc_column_text][\/vc_column][\/vc_row][vc_row][vc_column][vc_column_text]<\/p>\n<h2 style=\"text-align: center;\"><span style=\"color: #ea2534;\"><strong><span style=\"font-size: 30px;\">Galeria<\/span><br \/>\n<\/strong><\/span><\/h2>\n<p>[\/vc_column_text][vc_column_text][\/vc_column_text][\/vc_column][\/vc_row]<\/p>\n<\/div>","protected":false},"excerpt":{"rendered":"<p>[vc_row][vc_column][vc_column_text] Productes Italians de M\u00e0xima qualitat [\/vc_column_text][vc_single_image image=&#8221;1163&#8243; img_size=&#8221;full&#8221;][vc_column_text]Per aconseguir plats aut\u00e8nticament italians, cal treballar amb ingredients aut\u00e8ntics i originals d&#8217;It\u00e0lia. Per realitzar una cuina d&#8217;alt nivell, \u00e9s indispensable treballar amb productes de la m\u00e0xima qualitat. Per aix\u00f2 tant acudim al mercat di\u00e0riament a la recerca del millor producte fresc, de la mar i de [&hellip;]<\/p>\n","protected":false},"author":11,"featured_media":0,"parent":0,"menu_order":0,"comment_status":"closed","ping_status":"closed","template":"","meta":{"footnotes":""},"_links":{"self":[{"href":"https:\/\/ristorantemargheritabcn.com\/ca\/wp-json\/wp\/v2\/pages\/1249"}],"collection":[{"href":"https:\/\/ristorantemargheritabcn.com\/ca\/wp-json\/wp\/v2\/pages"}],"about":[{"href":"https:\/\/ristorantemargheritabcn.com\/ca\/wp-json\/wp\/v2\/types\/page"}],"author":[{"embeddable":true,"href":"https:\/\/ristorantemargheritabcn.com\/ca\/wp-json\/wp\/v2\/users\/11"}],"replies":[{"embeddable":true,"href":"https:\/\/ristorantemargheritabcn.com\/ca\/wp-json\/wp\/v2\/comments?post=1249"}],"version-history":[{"count":3,"href":"https:\/\/ristorantemargheritabcn.com\/ca\/wp-json\/wp\/v2\/pages\/1249\/revisions"}],"predecessor-version":[{"id":1475,"href":"https:\/\/ristorantemargheritabcn.com\/ca\/wp-json\/wp\/v2\/pages\/1249\/revisions\/1475"}],"wp:attachment":[{"href":"https:\/\/ristorantemargheritabcn.com\/ca\/wp-json\/wp\/v2\/media?parent=1249"}],"curies":[{"name":"wp","href":"https:\/\/api.w.org\/{rel}","templated":true}]}}